{"id":10,"date":"2026-03-07T10:44:07","date_gmt":"2026-03-07T10:44:07","guid":{"rendered":"https:\/\/cgf.zitara.es\/?page_id=10"},"modified":"2026-03-07T15:12:31","modified_gmt":"2026-03-07T15:12:31","slug":"home","status":"publish","type":"page","link":"https:\/\/cgf.zitara.es\/","title":{"rendered":"Inicio"},"content":{"rendered":"\n<div class=\"wp-block-group alignfull\" style=\"margin-top:0;margin-bottom:0;padding-top:var(--wp--preset--spacing--50);padding-bottom:var(--wp--preset--spacing--50)\"><div class=\"wp-block-group__inner-container is-layout-constrained wp-block-group-is-layout-constrained\">\n<div class=\"wp-block-group alignwide is-content-justification-space-between is-layout-flex wp-container-core-group-is-layout-e3bc7287 wp-block-group-is-layout-flex\">\n<h2 class=\"wp-block-heading alignwide has-text-align-left is-style-text-subtitle has-x-large-font-size\">Web personal sobre trabajos, ejercicios, reflexiones e investigaciones<\/h2>\n\n\n\n<p class=\"is-style-text-annotation\">En esta web publicar\u00e9 las entradas sobre diversos ejercicios trabajados en cursos, reflexiones sobre los mismos as\u00ed como investigaciones, b\u00fasquedas o material diverso sobre tecnolog\u00eda y educaci\u00f3n. A modo de <em>diario<\/em> de aprendizaje virtual o cuaderno de ejercicios para uso personal pero abierto a toda la comunidad.<\/p>\n\n\n\n<p>Puedes navegar por el panel lateral para acceder a las \u00faltimas entradas seg\u00fan los distintos cursos realizados, experiencias educativas as\u00ed como diversas tem\u00e1ticas sobre las que vaya publicando entradas.<\/p>\n<\/div>\n<\/div><\/div>\n\n\n\n<aside class=\"wp-block-group alignfull is-style-section-3\" style=\"margin-top:0;margin-bottom:0;padding-top:var(--wp--preset--spacing--50);padding-right:var(--wp--preset--spacing--50);padding-bottom:var(--wp--preset--spacing--50);padding-left:var(--wp--preset--spacing--50)\"><div class=\"wp-block-group__inner-container is-layout-constrained wp-container-core-group-is-layout-f69f53e0 wp-block-group-is-layout-constrained\">\n<div class=\"wp-block-group is-vertical is-content-justification-center is-layout-flex wp-container-core-group-is-layout-2e2aa035 wp-block-group-is-layout-flex\" style=\"min-height:360px;margin-top:0;margin-bottom:0\">\n<h2 class=\"wp-block-heading has-text-align-center has-xx-large-font-size\">Zona Privada<\/h2>\n\n\n\n<p class=\"has-text-align-center is-style-text-subtitle\">Accede al \u00e1rea privada sobre diferentes tem\u00e1ticas y ejercicios <\/p>\n\n\n\n<p class=\"has-text-align-center is-style-text-subtitle\"><em>(s\u00f3lo usuarios previamente registrados)<\/em><\/p>\n\n\n\n<div style=\"height:0px\" aria-hidden=\"true\" class=\"wp-block-spacer wp-container-content-62aae154\"><\/div>\n\n\n\n<div class=\"wp-block-buttons is-content-justification-center is-layout-flex wp-container-core-buttons-is-layout-16018d1d wp-block-buttons-is-layout-flex\">\n<div class=\"wp-block-button\"><a class=\"wp-block-button__link has-text-align-center wp-element-button\">Acceso<\/a><\/div>\n<\/div>\n<\/div>\n<\/div><\/aside>\n","protected":false},"excerpt":{"rendered":"<p>Web personal sobre trabajos, ejercicios, reflexiones e investigaciones En esta web publicar\u00e9 las entradas sobre diversos ejercicios trabajados en cursos, reflexiones sobre los mismos as\u00ed como investigaciones, b\u00fasquedas o material diverso sobre tecnolog\u00eda y educaci\u00f3n. A modo de diario de aprendizaje virtual o cuaderno de ejercicios para uso personal pero abierto a toda la comunidad. Puedes navegar por el panel lateral para acceder a las \u00faltimas entradas seg\u00fan los distintos cursos realizados, experiencias educativas as\u00ed como diversas tem\u00e1ticas sobre las&#8230;<\/p>\n<p class=\"read-more\"><a class=\"btn btn-default\" href=\"https:\/\/cgf.zitara.es\/\"> Leer m\u00e1s<span class=\"screen-reader-text\">  Leer m\u00e1s<\/span><\/a><\/p>\n","protected":false},"author":1,"featured_media":0,"parent":0,"menu_order":0,"comment_status":"closed","ping_status":"closed","template":"","meta":{"footnotes":""},"class_list":["post-10","page","type-page","status-publish","hentry"],"_links":{"self":[{"href":"https:\/\/cgf.zitara.es\/index.php?rest_route=\/wp\/v2\/pages\/10","targetHints":{"allow":["GET"]}}],"collection":[{"href":"https:\/\/cgf.zitara.es\/index.php?rest_route=\/wp\/v2\/pages"}],"about":[{"href":"https:\/\/cgf.zitara.es\/index.php?rest_route=\/wp\/v2\/types\/page"}],"author":[{"embeddable":true,"href":"https:\/\/cgf.zitara.es\/index.php?rest_route=\/wp\/v2\/users\/1"}],"replies":[{"embeddable":true,"href":"https:\/\/cgf.zitara.es\/index.php?rest_route=%2Fwp%2Fv2%2Fcomments&post=10"}],"version-history":[{"count":5,"href":"https:\/\/cgf.zitara.es\/index.php?rest_route=\/wp\/v2\/pages\/10\/revisions"}],"predecessor-version":[{"id":33,"href":"https:\/\/cgf.zitara.es\/index.php?rest_route=\/wp\/v2\/pages\/10\/revisions\/33"}],"wp:attachment":[{"href":"https:\/\/cgf.zitara.es\/index.php?rest_route=%2Fwp%2Fv2%2Fmedia&parent=10"}],"curies":[{"name":"wp","href":"https:\/\/api.w.org\/{rel}","templated":true}]}}